{"id":931,"date":"2026-05-11T14:25:58","date_gmt":"2026-05-11T14:25:58","guid":{"rendered":"https:\/\/ecosupplements.ch\/?product=lutein-20mg-60-softgels"},"modified":"2026-05-13T07:24:00","modified_gmt":"2026-05-13T07:24:00","slug":"lutein-20mg-60-softgels","status":"publish","type":"product","link":"https:\/\/ecosupplements.ch\/?product=lutein-20mg-60-softgels","title":{"rendered":"Lutein, 20mg &#8211; 60 softgels"},"content":{"rendered":"<div class=\"chcg-product-description\">\n<h2 class=\"chcg-heading\">\u00dcber Swanson \u2013 Lutein, 20mg \u2013 60 Softgels<\/h2>\n<div class=\"chcg-intro\">\n<p>Lutein ist ein nat\u00fcrlich vorkommendes Carotinoid, das vor allem in der Ringelblume (Tagetes erecta) in hoher Konzentration vorkommt. Als wichtiger N\u00e4hrstoff f\u00fcr die Augen tr\u00e4gt Lutein dazu bei, die Makula und die Netzhaut mit wertvollen Antioxidantien zu versorgen. Swanson Lutein 20 mg liefert eine hochwertige Dosis dieses Carotinoids pro Softgel \u2013 gewonnen aus nat\u00fcrlichem Ringelblumenextrakt.<\/p>\n<p>Die Softgel-Form bietet eine praktische Einnahme und erm\u00f6glicht durch die Kombination mit Sonnenblumen\u00f6l eine gute Bioverf\u00fcgbarkeit des fettl\u00f6slichen Wirkstoffs. Jede Packung enth\u00e4lt 60 Softgels und deckt damit einen Bedarf von zwei Monaten bei t\u00e4glicher Einnahme.<\/p>\n<p>Swanson steht seit Jahrzehnten f\u00fcr zuverl\u00e4ssige Qualit\u00e4t im Bereich Nahrungserg\u00e4nzungsmittel. Dieses Produkt wird ohne unn\u00f6tige Zusatzstoffe hergestellt und eignet sich f\u00fcr all jene, die ihre t\u00e4gliche Ern\u00e4hrung gezielt mit Lutein erg\u00e4nzen m\u00f6chten.<\/p>\n<\/p><\/div>\n<div class=\"chcg-nutrition\">\n<h3>N\u00e4hrwertangaben<\/h3>\n<table class=\"chcg-nutrition-table\">\n<thead>\n<tr>\n<th>N\u00e4hrstoff<\/th>\n<th>Pro Portion (1 Softgel)<\/th>\n<\/tr>\n<\/thead>\n<tbody>\n<tr>\n<td>Lutein [aus Ringelblumenbl\u00fcten (Tagetes erecta)]<\/td>\n<td>20 mg *<\/td>\n<\/tr>\n<\/tbody>\n<\/table>\n<p class=\"chcg-footnote\">* Kein festgelegter Tagesreferenzwert vorhanden.<\/p>\n<\/p><\/div>\n<div class=\"chcg-ingredients\">\n<h3>Zutaten<\/h3>\n<p>Lutein [aus Ringelblumenbl\u00fcten (Tagetes erecta)] 20 mg. Weitere Zutaten: Sonnenblumen\u00f6l, Gelatine, Glycerin, gelbes Bienenwachs, Sojalecithin, gereinigtes Wasser, nat\u00fcrliche Tocopherole.<\/p>\n<p class=\"chcg-capsule-shell\">Kapselh\u00fclle: Gelatine, Glycerin, gereinigtes Wasser.<\/p>\n<\/p><\/div>\n<div class=\"chcg-dosage\">\n<h3>Verzehrempfehlung<\/h3>\n<p>Als Nahrungserg\u00e4nzungsmittel t\u00e4glich einen Softgel zusammen mit einer Mahlzeit und ausreichend Wasser einnehmen.<\/p>\n<\/p><\/div>\n<div class=\"chcg-warnings\">\n<h3>Warnhinweise<\/h3>\n<p>Nur f\u00fcr Erwachsene. Konsultieren Sie vor der Einnahme dieses oder eines anderen Produkts Ihre \u00c4rztin oder Ihren Arzt, falls Sie schwanger sind oder stillen, Medikamente einnehmen oder an einer Erkrankung leiden. Ausserhalb der Reichweite von Kindern aufbewahren. Nicht verwenden, wenn die Versiegelung besch\u00e4digt ist.<\/p>\n<\/p><\/div>\n<div class=\"chcg-allergens\">\n<h3>Allergeninformationen<\/h3>\n<p>Enth\u00e4lt Soja.<\/p>\n<\/p><\/div>\n<div class=\"chcg-storage\">\n<h3>Lagerung<\/h3>\n<p>An einem k\u00fchlen, trockenen Ort aufbewahren. Nicht im K\u00fchlschrank lagern.<\/p>\n<\/p><\/div>\n<div class=\"chcg-dietary\">\n<h3>Ern\u00e4hrungshinweise<\/h3>\n<ul>\n<li>Laktosefrei<\/li>\n<\/ul><\/div>\n<\/div>\n","protected":false},"excerpt":{"rendered":"<p>Swanson Lutein 20mg unterst\u00fctzt die t\u00e4gliche Versorgung mit diesem nat\u00fcrlichen Carotinoid aus Ringelblumenextrakt. Praktische Softgels \u2013 60 St\u00fcck pro Packung f\u00fcr zwei Monate. Enth\u00e4lt Soja.<\/p>\n","protected":false},"featured_media":932,"comment_status":"closed","ping_status":"open","template":"","meta":[],"product_brand":[16],"product_cat":[37,27,48,25,159,31,21],"product_tag":[],"class_list":{"0":"post-931","1":"product","2":"type-product","3":"status-publish","4":"has-post-thumbnail","6":"product_brand-swanson","7":"product_cat-augengesundheit","8":"product_cat-einige-vitamine","9":"product_cat-gesunde-ernaehrung","10":"product_cat-gesundheit-und-wohlbefinden","11":"product_cat-lutein","12":"product_cat-vitamin-k","13":"product_cat-vitamine-und-mineralstoffe","15":"first","16":"outofstock","17":"taxable","18":"shipping-taxable","19":"purchasable","20":"product-type-simple"},"yoast_head":"<!-- This site is optimized with the Yoast SEO plugin v27.5 - https:\/\/yoast.com\/product\/yoast-seo-wordpress\/ -->\n<title>Lutein 20mg \u2013 60 Softgels \u2013 Swanson | ecosupplements.ch<\/title>\n<meta name=\"description\" content=\"Swanson Lutein 20mg liefert nat\u00fcrliches Carotinoid aus Ringelblume \u2013 60 Softgels f\u00fcr 2 Monate. Jetzt bestellen.\" \/>\n<meta name=\"robots\" content=\"index, follow, max-snippet:-1, max-image-preview:large, max-video-preview:-1\" \/>\n<link rel=\"canonical\" href=\"https:\/\/ecosupplements.ch\/?product=lutein-20mg-60-softgels\" \/>\n<meta property=\"og:locale\" content=\"de_DE\" \/>\n<meta property=\"og:type\" content=\"article\" \/>\n<meta property=\"og:title\" content=\"Lutein 20mg \u2013 60 Softgels \u2013 Swanson | ecosupplements.ch\" \/>\n<meta property=\"og:description\" content=\"Swanson Lutein 20mg liefert nat\u00fcrliches Carotinoid aus Ringelblume \u2013 60 Softgels f\u00fcr 2 Monate. Jetzt bestellen.\" \/>\n<meta property=\"og:url\" content=\"https:\/\/ecosupplements.ch\/?product=lutein-20mg-60-softgels\" \/>\n<meta property=\"og:site_name\" content=\"Eco Supplements\" \/>\n<meta property=\"article:modified_time\" content=\"2026-05-13T07:24:00+00:00\" \/>\n<meta property=\"og:image\" content=\"https:\/\/ecosupplements.ch\/wp-content\/uploads\/2026\/05\/Lutein-20mg-60-softgels.jpg\" \/>\n\t<meta property=\"og:image:width\" content=\"650\" \/>\n\t<meta property=\"og:image:height\" content=\"650\" \/>\n\t<meta property=\"og:image:type\" content=\"image\/jpeg\" \/>\n<meta name=\"twitter:card\" content=\"summary_large_image\" \/>\n<meta name=\"twitter:label1\" content=\"Price\" \/>\n\t<meta name=\"twitter:data1\" content=\"&#067;&#072;&#070;&nbsp;11.15\" \/>\n\t<meta name=\"twitter:label2\" content=\"Availability\" \/>\n\t<meta name=\"twitter:data2\" content=\"Out of stock\" \/>\n<script type=\"application\/ld+json\" class=\"yoast-schema-graph\">{\"@context\":\"https:\\\/\\\/schema.org\",\"@graph\":[{\"@type\":\"WebPage\",\"@id\":\"https:\\\/\\\/ecosupplements.ch\\\/?product=lutein-20mg-60-softgels\",\"url\":\"https:\\\/\\\/ecosupplements.ch\\\/?product=lutein-20mg-60-softgels\",\"name\":\"Lutein 20mg \u2013 60 Softgels \u2013 Swanson | ecosupplements.ch\",\"isPartOf\":{\"@id\":\"https:\\\/\\\/ecosupplements.ch\\\/#website\"},\"primaryImageOfPage\":{\"@id\":\"https:\\\/\\\/ecosupplements.ch\\\/?product=lutein-20mg-60-softgels#primaryimage\"},\"image\":{\"@id\":\"https:\\\/\\\/ecosupplements.ch\\\/?product=lutein-20mg-60-softgels#primaryimage\"},\"thumbnailUrl\":\"https:\\\/\\\/ecosupplements.ch\\\/wp-content\\\/uploads\\\/2026\\\/05\\\/Lutein-20mg-60-softgels.jpg\",\"datePublished\":\"2026-05-11T14:25:58+00:00\",\"dateModified\":\"2026-05-13T07:24:00+00:00\",\"description\":\"Swanson Lutein 20mg liefert nat\u00fcrliches Carotinoid aus Ringelblume \u2013 60 Softgels f\u00fcr 2 Monate. Jetzt bestellen.\",\"breadcrumb\":{\"@id\":\"https:\\\/\\\/ecosupplements.ch\\\/?product=lutein-20mg-60-softgels#breadcrumb\"},\"inLanguage\":\"de-CH\",\"potentialAction\":[{\"@type\":\"ReadAction\",\"target\":[\"https:\\\/\\\/ecosupplements.ch\\\/?product=lutein-20mg-60-softgels\"]}]},{\"@type\":\"ImageObject\",\"inLanguage\":\"de-CH\",\"@id\":\"https:\\\/\\\/ecosupplements.ch\\\/?product=lutein-20mg-60-softgels#primaryimage\",\"url\":\"https:\\\/\\\/ecosupplements.ch\\\/wp-content\\\/uploads\\\/2026\\\/05\\\/Lutein-20mg-60-softgels.jpg\",\"contentUrl\":\"https:\\\/\\\/ecosupplements.ch\\\/wp-content\\\/uploads\\\/2026\\\/05\\\/Lutein-20mg-60-softgels.jpg\",\"width\":650,\"height\":650,\"caption\":\"Lutein\"},{\"@type\":\"BreadcrumbList\",\"@id\":\"https:\\\/\\\/ecosupplements.ch\\\/?product=lutein-20mg-60-softgels#breadcrumb\",\"itemListElement\":[{\"@type\":\"ListItem\",\"position\":1,\"name\":\"Home\",\"item\":\"https:\\\/\\\/ecosupplements.ch\\\/\"},{\"@type\":\"ListItem\",\"position\":2,\"name\":\"Shop\",\"item\":\"https:\\\/\\\/ecosupplements.ch\\\/?page_id=14\"},{\"@type\":\"ListItem\",\"position\":3,\"name\":\"Lutein, 20mg &#8211; 60 softgels\"}]},{\"@type\":\"WebSite\",\"@id\":\"https:\\\/\\\/ecosupplements.ch\\\/#website\",\"url\":\"https:\\\/\\\/ecosupplements.ch\\\/\",\"name\":\"Eco Supplements\",\"description\":\"\",\"potentialAction\":[{\"@type\":\"SearchAction\",\"target\":{\"@type\":\"EntryPoint\",\"urlTemplate\":\"https:\\\/\\\/ecosupplements.ch\\\/?s={search_term_string}\"},\"query-input\":{\"@type\":\"PropertyValueSpecification\",\"valueRequired\":true,\"valueName\":\"search_term_string\"}}],\"inLanguage\":\"de-CH\"}]}<\/script>\n<meta property=\"product:price:amount\" content=\"11.15\" \/>\n<meta property=\"product:price:currency\" content=\"CHF\" \/>\n<meta property=\"og:availability\" content=\"out of stock\" \/>\n<meta property=\"product:availability\" content=\"out of stock\" \/>\n<meta property=\"product:retailer_item_id\" content=\"087614029931\" \/>\n<meta property=\"product:condition\" content=\"new\" \/>\n<!-- \/ Yoast SEO plugin. -->","yoast_head_json":{"title":"Lutein 20mg \u2013 60 Softgels \u2013 Swanson | ecosupplements.ch","description":"Swanson Lutein 20mg liefert nat\u00fcrliches Carotinoid aus Ringelblume \u2013 60 Softgels f\u00fcr 2 Monate. Jetzt bestellen.","robots":{"index":"index","follow":"follow","max-snippet":"max-snippet:-1","max-image-preview":"max-image-preview:large","max-video-preview":"max-video-preview:-1"},"canonical":"https:\/\/ecosupplements.ch\/?product=lutein-20mg-60-softgels","og_locale":"de_DE","og_type":"article","og_title":"Lutein 20mg \u2013 60 Softgels \u2013 Swanson | ecosupplements.ch","og_description":"Swanson Lutein 20mg liefert nat\u00fcrliches Carotinoid aus Ringelblume \u2013 60 Softgels f\u00fcr 2 Monate. Jetzt bestellen.","og_url":"https:\/\/ecosupplements.ch\/?product=lutein-20mg-60-softgels","og_site_name":"Eco Supplements","article_modified_time":"2026-05-13T07:24:00+00:00","og_image":[{"width":650,"height":650,"url":"https:\/\/ecosupplements.ch\/wp-content\/uploads\/2026\/05\/Lutein-20mg-60-softgels.jpg","type":"image\/jpeg"}],"twitter_card":"summary_large_image","twitter_misc":{"Price":"&#67;&#72;&#70;&nbsp;11.15","Availability":"Out of stock"},"schema":{"@context":"https:\/\/schema.org","@graph":[{"@type":"WebPage","@id":"https:\/\/ecosupplements.ch\/?product=lutein-20mg-60-softgels","url":"https:\/\/ecosupplements.ch\/?product=lutein-20mg-60-softgels","name":"Lutein 20mg \u2013 60 Softgels \u2013 Swanson | ecosupplements.ch","isPartOf":{"@id":"https:\/\/ecosupplements.ch\/#website"},"primaryImageOfPage":{"@id":"https:\/\/ecosupplements.ch\/?product=lutein-20mg-60-softgels#primaryimage"},"image":{"@id":"https:\/\/ecosupplements.ch\/?product=lutein-20mg-60-softgels#primaryimage"},"thumbnailUrl":"https:\/\/ecosupplements.ch\/wp-content\/uploads\/2026\/05\/Lutein-20mg-60-softgels.jpg","datePublished":"2026-05-11T14:25:58+00:00","dateModified":"2026-05-13T07:24:00+00:00","description":"Swanson Lutein 20mg liefert nat\u00fcrliches Carotinoid aus Ringelblume \u2013 60 Softgels f\u00fcr 2 Monate. Jetzt bestellen.","breadcrumb":{"@id":"https:\/\/ecosupplements.ch\/?product=lutein-20mg-60-softgels#breadcrumb"},"inLanguage":"de-CH","potentialAction":[{"@type":"ReadAction","target":["https:\/\/ecosupplements.ch\/?product=lutein-20mg-60-softgels"]}]},{"@type":"ImageObject","inLanguage":"de-CH","@id":"https:\/\/ecosupplements.ch\/?product=lutein-20mg-60-softgels#primaryimage","url":"https:\/\/ecosupplements.ch\/wp-content\/uploads\/2026\/05\/Lutein-20mg-60-softgels.jpg","contentUrl":"https:\/\/ecosupplements.ch\/wp-content\/uploads\/2026\/05\/Lutein-20mg-60-softgels.jpg","width":650,"height":650,"caption":"Lutein"},{"@type":"BreadcrumbList","@id":"https:\/\/ecosupplements.ch\/?product=lutein-20mg-60-softgels#breadcrumb","itemListElement":[{"@type":"ListItem","position":1,"name":"Home","item":"https:\/\/ecosupplements.ch\/"},{"@type":"ListItem","position":2,"name":"Shop","item":"https:\/\/ecosupplements.ch\/?page_id=14"},{"@type":"ListItem","position":3,"name":"Lutein, 20mg &#8211; 60 softgels"}]},{"@type":"WebSite","@id":"https:\/\/ecosupplements.ch\/#website","url":"https:\/\/ecosupplements.ch\/","name":"Eco Supplements","description":"","potentialAction":[{"@type":"SearchAction","target":{"@type":"EntryPoint","urlTemplate":"https:\/\/ecosupplements.ch\/?s={search_term_string}"},"query-input":{"@type":"PropertyValueSpecification","valueRequired":true,"valueName":"search_term_string"}}],"inLanguage":"de-CH"}]},"product_price_amount":"11.15","product_price_currency":"CHF","og_availability":"out of stock","product_availability":"out of stock","product_retailer_item_id":"087614029931","product_condition":"new"},"_links":{"self":[{"href":"https:\/\/ecosupplements.ch\/index.php?rest_route=\/wp\/v2\/product\/931","targetHints":{"allow":["GET"]}}],"collection":[{"href":"https:\/\/ecosupplements.ch\/index.php?rest_route=\/wp\/v2\/product"}],"about":[{"href":"https:\/\/ecosupplements.ch\/index.php?rest_route=\/wp\/v2\/types\/product"}],"replies":[{"embeddable":true,"href":"https:\/\/ecosupplements.ch\/index.php?rest_route=%2Fwp%2Fv2%2Fcomments&post=931"}],"wp:featuredmedia":[{"embeddable":true,"href":"https:\/\/ecosupplements.ch\/index.php?rest_route=\/wp\/v2\/media\/932"}],"wp:attachment":[{"href":"https:\/\/ecosupplements.ch\/index.php?rest_route=%2Fwp%2Fv2%2Fmedia&parent=931"}],"wp:term":[{"taxonomy":"product_brand","embeddable":true,"href":"https:\/\/ecosupplements.ch\/index.php?rest_route=%2Fwp%2Fv2%2Fproduct_brand&post=931"},{"taxonomy":"product_cat","embeddable":true,"href":"https:\/\/ecosupplements.ch\/index.php?rest_route=%2Fwp%2Fv2%2Fproduct_cat&post=931"},{"taxonomy":"product_tag","embeddable":true,"href":"https:\/\/ecosupplements.ch\/index.php?rest_route=%2Fwp%2Fv2%2Fproduct_tag&post=931"}],"curies":[{"name":"wp","href":"https:\/\/api.w.org\/{rel}","templated":true}]}}