{"id":942,"date":"2026-05-11T14:26:02","date_gmt":"2026-05-11T14:26:02","guid":{"rendered":"https:\/\/ecosupplements.ch\/?product=swanson-mangostan-500mg-100-kaps"},"modified":"2026-05-13T07:26:54","modified_gmt":"2026-05-13T07:26:54","slug":"swanson-mangostan-500mg-100-kaps","status":"publish","type":"product","link":"https:\/\/ecosupplements.ch\/?product=swanson-mangostan-500mg-100-kaps","title":{"rendered":"SWANSON Mangostan 500mg 100 kaps"},"content":{"rendered":"<div class=\"chcg-product-description\">\n<h2 class=\"chcg-heading\">\u00dcber Swanson \u2013 SWANSON Mangostan 500mg 100 Kapseln<\/h2>\n<div class=\"chcg-intro\">\n<p>Die Mangostanfrucht (<em>Garcinia mangostana<\/em>) gilt in S\u00fcdostasien seit Jahrhunderten als besonders wertvolle Frucht und wird dort traditionell gesch\u00e4tzt. Swanson liefert mit diesem Produkt einen konzentrierten Extrakt aus der Schale (Perikarp) der Mangostanfrucht \u2013 dem Teil, der besonders reich an nat\u00fcrlichen Pflanzenstoffen ist. Jede Kapsel enth\u00e4lt 500 mg reines Mangostan-Perikarp-Pulver ohne unn\u00f6tige Zusatzstoffe.<\/p>\n<p>Das Produkt eignet sich f\u00fcr Erwachsene, die ihren Alltag mit einem hochwertigen Pflanzenextrakt erg\u00e4nzen m\u00f6chten. Mit 100 Kapseln pro Packung bietet dieses Swanson-Produkt einen ausgezeichneten Vorrat f\u00fcr den t\u00e4glichen Gebrauch. Die Kapseln lassen sich einfach und bequem in die t\u00e4gliche Routine integrieren.<\/p>\n<p>Swanson steht seit Jahrzehnten f\u00fcr sorgf\u00e4ltig ausgew\u00e4hlte Rohstoffe und konsequente Qualit\u00e4tskontrolle. Dieses Nahrungserg\u00e4nzungsmittel ist kein Ersatz f\u00fcr eine ausgewogene und abwechslungsreiche Ern\u00e4hrung.<\/p>\n<\/p><\/div>\n<div class=\"chcg-nutrition\">\n<h3>N\u00e4hrwertangaben<\/h3>\n<table class=\"chcg-nutrition-table\">\n<thead>\n<tr>\n<th>N\u00e4hrstoff<\/th>\n<th>Pro Portion (1 Kapsel)<\/th>\n<\/tr>\n<\/thead>\n<tbody>\n<tr>\n<td>Mangostan (<em>Garcinia mangostana<\/em>, Perikarp)<\/td>\n<td>500 mg<\/td>\n<\/tr>\n<\/tbody>\n<\/table>\n<p class=\"chcg-footnote\">* Kein festgelegter Tagesreferenzwert vorhanden.<\/p>\n<\/p><\/div>\n<div class=\"chcg-ingredients\">\n<h3>Zutaten<\/h3>\n<p>Mangostan (<em>Garcinia mangostana<\/em>) (Perikarp) 500 mg. Weitere Zutaten: Gelatine; kann eines oder beide der folgenden Hilfsmittel enthalten: Magnesiumstearat, Siliziumdioxid.<\/p>\n<p class=\"chcg-capsule-shell\">Kapselh\u00fclle: Gelatine<\/p>\n<\/p><\/div>\n<div class=\"chcg-dosage\">\n<h3>Verzehrempfehlung<\/h3>\n<p>Als Nahrungserg\u00e4nzungsmittel 1 Kapsel 1\u20132 Mal t\u00e4glich einnehmen. Die empfohlene Tagesdosis nicht \u00fcberschreiten. Dieses Produkt kann eine abwechslungsreiche und ausgewogene Ern\u00e4hrung nicht ersetzen.<\/p>\n<\/p><\/div>\n<div class=\"chcg-warnings\">\n<h3>Warnhinweise<\/h3>\n<p>Nur f\u00fcr Erwachsene geeignet. Nicht empfohlen f\u00fcr schwangere oder stillende Frauen. Konsultieren Sie Ihren Arzt oder Ihre \u00c4rztin vor der Einnahme, wenn Sie schwanger sind, stillen, Medikamente einnehmen oder an einer Erkrankung leiden. Ausserhalb der Reichweite von Kindern aufbewahren. Nicht verwenden, wenn die Schutzversiegelung besch\u00e4digt ist. Die empfohlene Tagesdosis nicht \u00fcberschreiten. Dieses Produkt kann eine abwechslungsreiche und ausgewogene Ern\u00e4hrung nicht ersetzen.<\/p>\n<\/p><\/div>\n<div class=\"chcg-allergens\">\n<h3>Allergeninformationen<\/h3>\n<p>Auf der Produktetikette sind keine Allergene deklariert.<\/p>\n<\/p><\/div>\n<div class=\"chcg-storage\">\n<h3>Lagerung<\/h3>\n<p>Bei Raumtemperatur an einem k\u00fchlen, trockenen Ort lagern. Ausserhalb der Reichweite von Kleinkindern aufbewahren.<\/p>\n<\/p><\/div>\n<div class=\"chcg-dietary\">\n<h3>Ern\u00e4hrungshinweise<\/h3>\n<ul>\n<li>Nicht vegan (enth\u00e4lt Gelatine)<\/li>\n<li>Nicht vegetarisch (enth\u00e4lt Gelatine)<\/li>\n<\/ul><\/div>\n<\/div>\n","protected":false},"excerpt":{"rendered":"<p>Swanson Mangostan liefert 500 mg reines Mangostan-Perikarp-Pulver pro Kapsel als hochwertiges Pflanzenextrakt-Supplement. Packungsinhalt: 100 Gelatinekapseln f\u00fcr einen langfristigen Vorrat. Einfach in die t\u00e4gliche Routine zu integrieren.<\/p>\n","protected":false},"featured_media":943,"comment_status":"closed","ping_status":"open","template":"","meta":[],"product_brand":[16],"product_cat":[48,25,21],"product_tag":[],"class_list":{"0":"post-942","1":"product","2":"type-product","3":"status-publish","4":"has-post-thumbnail","6":"product_brand-swanson","7":"product_cat-gesunde-ernaehrung","8":"product_cat-gesundheit-und-wohlbefinden","9":"product_cat-vitamine-und-mineralstoffe","11":"first","12":"outofstock","13":"taxable","14":"shipping-taxable","15":"purchasable","16":"product-type-simple"},"yoast_head":"<!-- This site is optimized with the Yoast SEO plugin v27.5 - https:\/\/yoast.com\/product\/yoast-seo-wordpress\/ -->\n<title>SWANSON Mangostan 500mg 100 Kapseln | ecosupplements.ch<\/title>\n<meta name=\"description\" content=\"Swanson Mangostan 500mg \u2013 konzentriertes Mangostan-Perikarp-Pulver in praktischen Gelatinekapseln, 100 St\u00fcck pro Packung. Jetzt bestellen.\" \/>\n<meta name=\"robots\" content=\"index, follow, max-snippet:-1, max-image-preview:large, max-video-preview:-1\" \/>\n<link rel=\"canonical\" href=\"https:\/\/ecosupplements.ch\/?product=swanson-mangostan-500mg-100-kaps\" \/>\n<meta property=\"og:locale\" content=\"de_DE\" \/>\n<meta property=\"og:type\" content=\"article\" \/>\n<meta property=\"og:title\" content=\"SWANSON Mangostan 500mg 100 Kapseln | ecosupplements.ch\" \/>\n<meta property=\"og:description\" content=\"Swanson Mangostan 500mg \u2013 konzentriertes Mangostan-Perikarp-Pulver in praktischen Gelatinekapseln, 100 St\u00fcck pro Packung. Jetzt bestellen.\" \/>\n<meta property=\"og:url\" content=\"https:\/\/ecosupplements.ch\/?product=swanson-mangostan-500mg-100-kaps\" \/>\n<meta property=\"og:site_name\" content=\"Eco Supplements\" \/>\n<meta property=\"article:modified_time\" content=\"2026-05-13T07:26:54+00:00\" \/>\n<meta property=\"og:image\" content=\"https:\/\/ecosupplements.ch\/wp-content\/uploads\/2026\/05\/SWANSON-Mangostan-500mg-100-kaps.jpg\" \/>\n\t<meta property=\"og:image:width\" content=\"650\" \/>\n\t<meta property=\"og:image:height\" content=\"650\" \/>\n\t<meta property=\"og:image:type\" content=\"image\/jpeg\" \/>\n<meta name=\"twitter:card\" content=\"summary_large_image\" \/>\n<meta name=\"twitter:label1\" content=\"Price\" \/>\n\t<meta name=\"twitter:data1\" content=\"&#067;&#072;&#070;&nbsp;10.88\" \/>\n\t<meta name=\"twitter:label2\" content=\"Availability\" \/>\n\t<meta name=\"twitter:data2\" content=\"Out of stock\" \/>\n<script type=\"application\/ld+json\" class=\"yoast-schema-graph\">{\"@context\":\"https:\\\/\\\/schema.org\",\"@graph\":[{\"@type\":\"WebPage\",\"@id\":\"https:\\\/\\\/ecosupplements.ch\\\/?product=swanson-mangostan-500mg-100-kaps\",\"url\":\"https:\\\/\\\/ecosupplements.ch\\\/?product=swanson-mangostan-500mg-100-kaps\",\"name\":\"SWANSON Mangostan 500mg 100 Kapseln | ecosupplements.ch\",\"isPartOf\":{\"@id\":\"https:\\\/\\\/ecosupplements.ch\\\/#website\"},\"primaryImageOfPage\":{\"@id\":\"https:\\\/\\\/ecosupplements.ch\\\/?product=swanson-mangostan-500mg-100-kaps#primaryimage\"},\"image\":{\"@id\":\"https:\\\/\\\/ecosupplements.ch\\\/?product=swanson-mangostan-500mg-100-kaps#primaryimage\"},\"thumbnailUrl\":\"https:\\\/\\\/ecosupplements.ch\\\/wp-content\\\/uploads\\\/2026\\\/05\\\/SWANSON-Mangostan-500mg-100-kaps.jpg\",\"datePublished\":\"2026-05-11T14:26:02+00:00\",\"dateModified\":\"2026-05-13T07:26:54+00:00\",\"description\":\"Swanson Mangostan 500mg \u2013 konzentriertes Mangostan-Perikarp-Pulver in praktischen Gelatinekapseln, 100 St\u00fcck pro Packung. Jetzt bestellen.\",\"breadcrumb\":{\"@id\":\"https:\\\/\\\/ecosupplements.ch\\\/?product=swanson-mangostan-500mg-100-kaps#breadcrumb\"},\"inLanguage\":\"de-CH\",\"potentialAction\":[{\"@type\":\"ReadAction\",\"target\":[\"https:\\\/\\\/ecosupplements.ch\\\/?product=swanson-mangostan-500mg-100-kaps\"]}]},{\"@type\":\"ImageObject\",\"inLanguage\":\"de-CH\",\"@id\":\"https:\\\/\\\/ecosupplements.ch\\\/?product=swanson-mangostan-500mg-100-kaps#primaryimage\",\"url\":\"https:\\\/\\\/ecosupplements.ch\\\/wp-content\\\/uploads\\\/2026\\\/05\\\/SWANSON-Mangostan-500mg-100-kaps.jpg\",\"contentUrl\":\"https:\\\/\\\/ecosupplements.ch\\\/wp-content\\\/uploads\\\/2026\\\/05\\\/SWANSON-Mangostan-500mg-100-kaps.jpg\",\"width\":650,\"height\":650,\"caption\":\"SWANSON Mangostan 500mg 100 kaps\"},{\"@type\":\"BreadcrumbList\",\"@id\":\"https:\\\/\\\/ecosupplements.ch\\\/?product=swanson-mangostan-500mg-100-kaps#breadcrumb\",\"itemListElement\":[{\"@type\":\"ListItem\",\"position\":1,\"name\":\"Home\",\"item\":\"https:\\\/\\\/ecosupplements.ch\\\/\"},{\"@type\":\"ListItem\",\"position\":2,\"name\":\"Shop\",\"item\":\"https:\\\/\\\/ecosupplements.ch\\\/?page_id=14\"},{\"@type\":\"ListItem\",\"position\":3,\"name\":\"SWANSON Mangostan 500mg 100 kaps\"}]},{\"@type\":\"WebSite\",\"@id\":\"https:\\\/\\\/ecosupplements.ch\\\/#website\",\"url\":\"https:\\\/\\\/ecosupplements.ch\\\/\",\"name\":\"Eco Supplements\",\"description\":\"\",\"potentialAction\":[{\"@type\":\"SearchAction\",\"target\":{\"@type\":\"EntryPoint\",\"urlTemplate\":\"https:\\\/\\\/ecosupplements.ch\\\/?s={search_term_string}\"},\"query-input\":{\"@type\":\"PropertyValueSpecification\",\"valueRequired\":true,\"valueName\":\"search_term_string\"}}],\"inLanguage\":\"de-CH\"}]}<\/script>\n<meta property=\"product:price:amount\" content=\"10.88\" \/>\n<meta property=\"product:price:currency\" content=\"CHF\" \/>\n<meta property=\"og:availability\" content=\"out of stock\" \/>\n<meta property=\"product:availability\" content=\"out of stock\" \/>\n<meta property=\"product:retailer_item_id\" content=\"087614110363\" \/>\n<meta property=\"product:condition\" content=\"new\" \/>\n<!-- \/ Yoast SEO plugin. -->","yoast_head_json":{"title":"SWANSON Mangostan 500mg 100 Kapseln | ecosupplements.ch","description":"Swanson Mangostan 500mg \u2013 konzentriertes Mangostan-Perikarp-Pulver in praktischen Gelatinekapseln, 100 St\u00fcck pro Packung. Jetzt bestellen.","robots":{"index":"index","follow":"follow","max-snippet":"max-snippet:-1","max-image-preview":"max-image-preview:large","max-video-preview":"max-video-preview:-1"},"canonical":"https:\/\/ecosupplements.ch\/?product=swanson-mangostan-500mg-100-kaps","og_locale":"de_DE","og_type":"article","og_title":"SWANSON Mangostan 500mg 100 Kapseln | ecosupplements.ch","og_description":"Swanson Mangostan 500mg \u2013 konzentriertes Mangostan-Perikarp-Pulver in praktischen Gelatinekapseln, 100 St\u00fcck pro Packung. Jetzt bestellen.","og_url":"https:\/\/ecosupplements.ch\/?product=swanson-mangostan-500mg-100-kaps","og_site_name":"Eco Supplements","article_modified_time":"2026-05-13T07:26:54+00:00","og_image":[{"width":650,"height":650,"url":"https:\/\/ecosupplements.ch\/wp-content\/uploads\/2026\/05\/SWANSON-Mangostan-500mg-100-kaps.jpg","type":"image\/jpeg"}],"twitter_card":"summary_large_image","twitter_misc":{"Price":"&#67;&#72;&#70;&nbsp;10.88","Availability":"Out of stock"},"schema":{"@context":"https:\/\/schema.org","@graph":[{"@type":"WebPage","@id":"https:\/\/ecosupplements.ch\/?product=swanson-mangostan-500mg-100-kaps","url":"https:\/\/ecosupplements.ch\/?product=swanson-mangostan-500mg-100-kaps","name":"SWANSON Mangostan 500mg 100 Kapseln | ecosupplements.ch","isPartOf":{"@id":"https:\/\/ecosupplements.ch\/#website"},"primaryImageOfPage":{"@id":"https:\/\/ecosupplements.ch\/?product=swanson-mangostan-500mg-100-kaps#primaryimage"},"image":{"@id":"https:\/\/ecosupplements.ch\/?product=swanson-mangostan-500mg-100-kaps#primaryimage"},"thumbnailUrl":"https:\/\/ecosupplements.ch\/wp-content\/uploads\/2026\/05\/SWANSON-Mangostan-500mg-100-kaps.jpg","datePublished":"2026-05-11T14:26:02+00:00","dateModified":"2026-05-13T07:26:54+00:00","description":"Swanson Mangostan 500mg \u2013 konzentriertes Mangostan-Perikarp-Pulver in praktischen Gelatinekapseln, 100 St\u00fcck pro Packung. Jetzt bestellen.","breadcrumb":{"@id":"https:\/\/ecosupplements.ch\/?product=swanson-mangostan-500mg-100-kaps#breadcrumb"},"inLanguage":"de-CH","potentialAction":[{"@type":"ReadAction","target":["https:\/\/ecosupplements.ch\/?product=swanson-mangostan-500mg-100-kaps"]}]},{"@type":"ImageObject","inLanguage":"de-CH","@id":"https:\/\/ecosupplements.ch\/?product=swanson-mangostan-500mg-100-kaps#primaryimage","url":"https:\/\/ecosupplements.ch\/wp-content\/uploads\/2026\/05\/SWANSON-Mangostan-500mg-100-kaps.jpg","contentUrl":"https:\/\/ecosupplements.ch\/wp-content\/uploads\/2026\/05\/SWANSON-Mangostan-500mg-100-kaps.jpg","width":650,"height":650,"caption":"SWANSON Mangostan 500mg 100 kaps"},{"@type":"BreadcrumbList","@id":"https:\/\/ecosupplements.ch\/?product=swanson-mangostan-500mg-100-kaps#breadcrumb","itemListElement":[{"@type":"ListItem","position":1,"name":"Home","item":"https:\/\/ecosupplements.ch\/"},{"@type":"ListItem","position":2,"name":"Shop","item":"https:\/\/ecosupplements.ch\/?page_id=14"},{"@type":"ListItem","position":3,"name":"SWANSON Mangostan 500mg 100 kaps"}]},{"@type":"WebSite","@id":"https:\/\/ecosupplements.ch\/#website","url":"https:\/\/ecosupplements.ch\/","name":"Eco Supplements","description":"","potentialAction":[{"@type":"SearchAction","target":{"@type":"EntryPoint","urlTemplate":"https:\/\/ecosupplements.ch\/?s={search_term_string}"},"query-input":{"@type":"PropertyValueSpecification","valueRequired":true,"valueName":"search_term_string"}}],"inLanguage":"de-CH"}]},"product_price_amount":"10.88","product_price_currency":"CHF","og_availability":"out of stock","product_availability":"out of stock","product_retailer_item_id":"087614110363","product_condition":"new"},"_links":{"self":[{"href":"https:\/\/ecosupplements.ch\/index.php?rest_route=\/wp\/v2\/product\/942","targetHints":{"allow":["GET"]}}],"collection":[{"href":"https:\/\/ecosupplements.ch\/index.php?rest_route=\/wp\/v2\/product"}],"about":[{"href":"https:\/\/ecosupplements.ch\/index.php?rest_route=\/wp\/v2\/types\/product"}],"replies":[{"embeddable":true,"href":"https:\/\/ecosupplements.ch\/index.php?rest_route=%2Fwp%2Fv2%2Fcomments&post=942"}],"wp:featuredmedia":[{"embeddable":true,"href":"https:\/\/ecosupplements.ch\/index.php?rest_route=\/wp\/v2\/media\/943"}],"wp:attachment":[{"href":"https:\/\/ecosupplements.ch\/index.php?rest_route=%2Fwp%2Fv2%2Fmedia&parent=942"}],"wp:term":[{"taxonomy":"product_brand","embeddable":true,"href":"https:\/\/ecosupplements.ch\/index.php?rest_route=%2Fwp%2Fv2%2Fproduct_brand&post=942"},{"taxonomy":"product_cat","embeddable":true,"href":"https:\/\/ecosupplements.ch\/index.php?rest_route=%2Fwp%2Fv2%2Fproduct_cat&post=942"},{"taxonomy":"product_tag","embeddable":true,"href":"https:\/\/ecosupplements.ch\/index.php?rest_route=%2Fwp%2Fv2%2Fproduct_tag&post=942"}],"curies":[{"name":"wp","href":"https:\/\/api.w.org\/{rel}","templated":true}]}}