{"id":990,"date":"2026-05-11T14:26:20","date_gmt":"2026-05-11T14:26:20","guid":{"rendered":"https:\/\/ecosupplements.ch\/?product=swanson-pantesin-panthetine-300mg-60-kaps"},"modified":"2026-05-13T07:26:55","modified_gmt":"2026-05-13T07:26:55","slug":"swanson-pantesin-panthetine-300mg-60-kaps","status":"publish","type":"product","link":"https:\/\/ecosupplements.ch\/?product=swanson-pantesin-panthetine-300mg-60-kaps","title":{"rendered":"SWANSON Pantesin Panthetine 300mg 60 kaps"},"content":{"rendered":"<div class=\"chcg-product-description\">\n<h2 class=\"chcg-heading\">\u00dcber SWANSON \u2013 Pantesin Pantethine 300mg 60 Softgels<\/h2>\n<div class=\"chcg-intro\">\n<p>Pantethine ist eine biologisch aktive Form von Vitamin B5 (Pantothens\u00e4ure) und ein direkter Vorl\u00e4ufer von Coenzym A \u2013 einem zentralen Molek\u00fcl im menschlichen Stoffwechsel. Swanson setzt dabei auf Pantesin\u00ae, eine patentierte und klinisch untersuchte Pantethine-Form, die eine zuverl\u00e4ssige Qualit\u00e4t und hohe Reinheit gew\u00e4hrleistet.<\/p>\n<p>Coenzym A spielt eine essentielle Rolle in zahlreichen Stoffwechselprozessen, insbesondere im Energiestoffwechsel und in der Synthese sowie dem Abbau von Fetts\u00e4uren. Pantethine als Vorstufe dieses Coenzyms wird vom K\u00f6rper effizient verwertet und unterst\u00fctzt damit die nat\u00fcrlichen Stoffwechselvorg\u00e4nge auf zellul\u00e4rer Ebene.<\/p>\n<p>Jede Softgelkapsel liefert 300 mg Pantesin\u00ae Pantethine. Die Darreichungsform als Softgel sorgt f\u00fcr eine angenehme Einnahme und eine gute Bioverf\u00fcgbarkeit des Wirkstoffs.<\/p>\n<\/p><\/div>\n<div class=\"chcg-nutrition\">\n<h3>N\u00e4hrwertangaben<\/h3>\n<table class=\"chcg-nutrition-table\">\n<thead>\n<tr>\n<th>N\u00e4hrstoff<\/th>\n<th>Pro Portion (1 Softgel)<\/th>\n<\/tr>\n<\/thead>\n<tbody>\n<tr>\n<td>Pantesin\u00ae Pantethine (Coenzym-A-Vorstufe)<\/td>\n<td>300 mg *<\/td>\n<\/tr>\n<\/tbody>\n<\/table>\n<p class=\"chcg-footnote\">* Kein etablierter Tagesreferenzwert vorhanden.<\/p>\n<\/p><\/div>\n<div class=\"chcg-ingredients\">\n<h3>Zutaten<\/h3>\n<p>Aktiver Wirkstoff: Pantesin\u2122 Pantethine (Coenzym-A-Vorstufe) 300 mg. Weitere Zutaten: Reiskleie\u00f6l, Gelatine, gereinigtes Wasser, Glycerin, gelbes Bienenwachs, Johannisbrotextrakt (Johannisbrot in Glycerin, Karamell und gereinigtem Wasser), Sojalecithin. Enth\u00e4lt Soja. Enth\u00e4lt einen gentechnisch ver\u00e4nderten Lebensmittelbestandteil.<\/p>\n<p class=\"chcg-capsule-shell\">Kapselh\u00fclle: Gelatine, Glycerin, gereinigtes Wasser.<\/p>\n<\/p><\/div>\n<div class=\"chcg-dosage\">\n<h3>Verzehrempfehlung<\/h3>\n<p>Als Nahrungserg\u00e4nzungsmittel eine Softgelkapsel ein- bis dreimal t\u00e4glich zusammen mit Nahrung und Wasser einnehmen.<\/p>\n<\/p><\/div>\n<div class=\"chcg-warnings\">\n<h3>Warnhinweise<\/h3>\n<p>Nur f\u00fcr Erwachsene. Vor der Einnahme dieses oder eines anderen Produkts einen Arzt oder eine \u00c4rztin konsultieren, wenn Sie schwanger sind oder stillen, Medikamente einnehmen oder an einer Erkrankung leiden. Ausserhalb der Reichweite von Kindern aufbewahren. Nicht verwenden, wenn die Schutzfolie besch\u00e4digt ist.<\/p>\n<\/p><\/div>\n<div class=\"chcg-allergens\">\n<h3>Allergeninformationen<\/h3>\n<p>Enth\u00e4lt Sojabohnen (Sojalecithin). Enth\u00e4lt einen gentechnisch ver\u00e4nderten Lebensmittelbestandteil.<\/p>\n<\/p><\/div>\n<div class=\"chcg-storage\">\n<h3>Lagerung<\/h3>\n<p>An einem k\u00fchlen, trockenen Ort lagern. Nicht im K\u00fchlschrank aufbewahren.<\/p>\n<\/p><\/div>\n<div class=\"chcg-dietary\">\n<h3>Ern\u00e4hrungshinweise<\/h3>\n<ul>\n<li>Glutenfrei<\/li>\n<li>Laktosefrei<\/li>\n<\/ul><\/div>\n<\/div>\n","protected":false},"excerpt":{"rendered":"<p>Swanson Pantesin\u00ae Pantethine 300mg liefert pro Softgel eine hochwertige Vorstufe von Coenzym A und unterst\u00fctzt damit den nat\u00fcrlichen Stoffwechsel. 60 Softgelkapseln pro Packung. Glutenfrei und laktosefrei.<\/p>\n","protected":false},"featured_media":991,"comment_status":"closed","ping_status":"open","template":"","meta":[],"product_brand":[16],"product_cat":[48,25,21],"product_tag":[],"class_list":{"0":"post-990","1":"product","2":"type-product","3":"status-publish","4":"has-post-thumbnail","6":"product_brand-swanson","7":"product_cat-gesunde-ernaehrung","8":"product_cat-gesundheit-und-wohlbefinden","9":"product_cat-vitamine-und-mineralstoffe","11":"first","12":"outofstock","13":"taxable","14":"shipping-taxable","15":"purchasable","16":"product-type-simple"},"yoast_head":"<!-- This site is optimized with the Yoast SEO plugin v27.5 - https:\/\/yoast.com\/product\/yoast-seo-wordpress\/ -->\n<title>Pantesin Pantethine 300mg 60 Softgels \u2013 SWANSON | ecosupplements.ch<\/title>\n<meta name=\"description\" content=\"Swanson Pantesin\u00ae Pantethine 300mg \u2013 patentierte Coenzym-A-Vorstufe, 60 Softgels, glutenfrei. Jetzt bestellen.\" \/>\n<meta name=\"robots\" content=\"index, follow, max-snippet:-1, max-image-preview:large, max-video-preview:-1\" \/>\n<link rel=\"canonical\" href=\"https:\/\/ecosupplements.ch\/?product=swanson-pantesin-panthetine-300mg-60-kaps\" \/>\n<meta property=\"og:locale\" content=\"de_DE\" \/>\n<meta property=\"og:type\" content=\"article\" \/>\n<meta property=\"og:title\" content=\"Pantesin Pantethine 300mg 60 Softgels \u2013 SWANSON | ecosupplements.ch\" \/>\n<meta property=\"og:description\" content=\"Swanson Pantesin\u00ae Pantethine 300mg \u2013 patentierte Coenzym-A-Vorstufe, 60 Softgels, glutenfrei. Jetzt bestellen.\" \/>\n<meta property=\"og:url\" content=\"https:\/\/ecosupplements.ch\/?product=swanson-pantesin-panthetine-300mg-60-kaps\" \/>\n<meta property=\"og:site_name\" content=\"Eco Supplements\" \/>\n<meta property=\"article:modified_time\" content=\"2026-05-13T07:26:55+00:00\" \/>\n<meta property=\"og:image\" content=\"https:\/\/ecosupplements.ch\/wp-content\/uploads\/2026\/05\/SWANSON-Pantesin-Panthetine-300mg-60-kaps.jpg\" \/>\n\t<meta property=\"og:image:width\" content=\"650\" \/>\n\t<meta property=\"og:image:height\" content=\"650\" \/>\n\t<meta property=\"og:image:type\" content=\"image\/jpeg\" \/>\n<meta name=\"twitter:card\" content=\"summary_large_image\" \/>\n<meta name=\"twitter:label1\" content=\"Price\" \/>\n\t<meta name=\"twitter:data1\" content=\"&#067;&#072;&#070;&nbsp;20.60\" \/>\n\t<meta name=\"twitter:label2\" content=\"Availability\" \/>\n\t<meta name=\"twitter:data2\" content=\"Out of stock\" \/>\n<script type=\"application\/ld+json\" class=\"yoast-schema-graph\">{\"@context\":\"https:\\\/\\\/schema.org\",\"@graph\":[{\"@type\":\"WebPage\",\"@id\":\"https:\\\/\\\/ecosupplements.ch\\\/?product=swanson-pantesin-panthetine-300mg-60-kaps\",\"url\":\"https:\\\/\\\/ecosupplements.ch\\\/?product=swanson-pantesin-panthetine-300mg-60-kaps\",\"name\":\"Pantesin Pantethine 300mg 60 Softgels \u2013 SWANSON | ecosupplements.ch\",\"isPartOf\":{\"@id\":\"https:\\\/\\\/ecosupplements.ch\\\/#website\"},\"primaryImageOfPage\":{\"@id\":\"https:\\\/\\\/ecosupplements.ch\\\/?product=swanson-pantesin-panthetine-300mg-60-kaps#primaryimage\"},\"image\":{\"@id\":\"https:\\\/\\\/ecosupplements.ch\\\/?product=swanson-pantesin-panthetine-300mg-60-kaps#primaryimage\"},\"thumbnailUrl\":\"https:\\\/\\\/ecosupplements.ch\\\/wp-content\\\/uploads\\\/2026\\\/05\\\/SWANSON-Pantesin-Panthetine-300mg-60-kaps.jpg\",\"datePublished\":\"2026-05-11T14:26:20+00:00\",\"dateModified\":\"2026-05-13T07:26:55+00:00\",\"description\":\"Swanson Pantesin\u00ae Pantethine 300mg \u2013 patentierte Coenzym-A-Vorstufe, 60 Softgels, glutenfrei. Jetzt bestellen.\",\"breadcrumb\":{\"@id\":\"https:\\\/\\\/ecosupplements.ch\\\/?product=swanson-pantesin-panthetine-300mg-60-kaps#breadcrumb\"},\"inLanguage\":\"de-CH\",\"potentialAction\":[{\"@type\":\"ReadAction\",\"target\":[\"https:\\\/\\\/ecosupplements.ch\\\/?product=swanson-pantesin-panthetine-300mg-60-kaps\"]}]},{\"@type\":\"ImageObject\",\"inLanguage\":\"de-CH\",\"@id\":\"https:\\\/\\\/ecosupplements.ch\\\/?product=swanson-pantesin-panthetine-300mg-60-kaps#primaryimage\",\"url\":\"https:\\\/\\\/ecosupplements.ch\\\/wp-content\\\/uploads\\\/2026\\\/05\\\/SWANSON-Pantesin-Panthetine-300mg-60-kaps.jpg\",\"contentUrl\":\"https:\\\/\\\/ecosupplements.ch\\\/wp-content\\\/uploads\\\/2026\\\/05\\\/SWANSON-Pantesin-Panthetine-300mg-60-kaps.jpg\",\"width\":650,\"height\":650,\"caption\":\"SWANSON Pantesin Panthetine 300mg 60 kaps\"},{\"@type\":\"BreadcrumbList\",\"@id\":\"https:\\\/\\\/ecosupplements.ch\\\/?product=swanson-pantesin-panthetine-300mg-60-kaps#breadcrumb\",\"itemListElement\":[{\"@type\":\"ListItem\",\"position\":1,\"name\":\"Home\",\"item\":\"https:\\\/\\\/ecosupplements.ch\\\/\"},{\"@type\":\"ListItem\",\"position\":2,\"name\":\"Shop\",\"item\":\"https:\\\/\\\/ecosupplements.ch\\\/?page_id=14\"},{\"@type\":\"ListItem\",\"position\":3,\"name\":\"SWANSON Pantesin Panthetine 300mg 60 kaps\"}]},{\"@type\":\"WebSite\",\"@id\":\"https:\\\/\\\/ecosupplements.ch\\\/#website\",\"url\":\"https:\\\/\\\/ecosupplements.ch\\\/\",\"name\":\"Eco Supplements\",\"description\":\"\",\"potentialAction\":[{\"@type\":\"SearchAction\",\"target\":{\"@type\":\"EntryPoint\",\"urlTemplate\":\"https:\\\/\\\/ecosupplements.ch\\\/?s={search_term_string}\"},\"query-input\":{\"@type\":\"PropertyValueSpecification\",\"valueRequired\":true,\"valueName\":\"search_term_string\"}}],\"inLanguage\":\"de-CH\"}]}<\/script>\n<meta property=\"product:price:amount\" content=\"20.60\" \/>\n<meta property=\"product:price:currency\" content=\"CHF\" \/>\n<meta property=\"og:availability\" content=\"out of stock\" \/>\n<meta property=\"product:availability\" content=\"out of stock\" \/>\n<meta property=\"product:retailer_item_id\" content=\"087614021508\" \/>\n<meta property=\"product:condition\" content=\"new\" \/>\n<!-- \/ Yoast SEO plugin. -->","yoast_head_json":{"title":"Pantesin Pantethine 300mg 60 Softgels \u2013 SWANSON | ecosupplements.ch","description":"Swanson Pantesin\u00ae Pantethine 300mg \u2013 patentierte Coenzym-A-Vorstufe, 60 Softgels, glutenfrei. Jetzt bestellen.","robots":{"index":"index","follow":"follow","max-snippet":"max-snippet:-1","max-image-preview":"max-image-preview:large","max-video-preview":"max-video-preview:-1"},"canonical":"https:\/\/ecosupplements.ch\/?product=swanson-pantesin-panthetine-300mg-60-kaps","og_locale":"de_DE","og_type":"article","og_title":"Pantesin Pantethine 300mg 60 Softgels \u2013 SWANSON | ecosupplements.ch","og_description":"Swanson Pantesin\u00ae Pantethine 300mg \u2013 patentierte Coenzym-A-Vorstufe, 60 Softgels, glutenfrei. Jetzt bestellen.","og_url":"https:\/\/ecosupplements.ch\/?product=swanson-pantesin-panthetine-300mg-60-kaps","og_site_name":"Eco Supplements","article_modified_time":"2026-05-13T07:26:55+00:00","og_image":[{"width":650,"height":650,"url":"https:\/\/ecosupplements.ch\/wp-content\/uploads\/2026\/05\/SWANSON-Pantesin-Panthetine-300mg-60-kaps.jpg","type":"image\/jpeg"}],"twitter_card":"summary_large_image","twitter_misc":{"Price":"&#67;&#72;&#70;&nbsp;20.60","Availability":"Out of stock"},"schema":{"@context":"https:\/\/schema.org","@graph":[{"@type":"WebPage","@id":"https:\/\/ecosupplements.ch\/?product=swanson-pantesin-panthetine-300mg-60-kaps","url":"https:\/\/ecosupplements.ch\/?product=swanson-pantesin-panthetine-300mg-60-kaps","name":"Pantesin Pantethine 300mg 60 Softgels \u2013 SWANSON | ecosupplements.ch","isPartOf":{"@id":"https:\/\/ecosupplements.ch\/#website"},"primaryImageOfPage":{"@id":"https:\/\/ecosupplements.ch\/?product=swanson-pantesin-panthetine-300mg-60-kaps#primaryimage"},"image":{"@id":"https:\/\/ecosupplements.ch\/?product=swanson-pantesin-panthetine-300mg-60-kaps#primaryimage"},"thumbnailUrl":"https:\/\/ecosupplements.ch\/wp-content\/uploads\/2026\/05\/SWANSON-Pantesin-Panthetine-300mg-60-kaps.jpg","datePublished":"2026-05-11T14:26:20+00:00","dateModified":"2026-05-13T07:26:55+00:00","description":"Swanson Pantesin\u00ae Pantethine 300mg \u2013 patentierte Coenzym-A-Vorstufe, 60 Softgels, glutenfrei. Jetzt bestellen.","breadcrumb":{"@id":"https:\/\/ecosupplements.ch\/?product=swanson-pantesin-panthetine-300mg-60-kaps#breadcrumb"},"inLanguage":"de-CH","potentialAction":[{"@type":"ReadAction","target":["https:\/\/ecosupplements.ch\/?product=swanson-pantesin-panthetine-300mg-60-kaps"]}]},{"@type":"ImageObject","inLanguage":"de-CH","@id":"https:\/\/ecosupplements.ch\/?product=swanson-pantesin-panthetine-300mg-60-kaps#primaryimage","url":"https:\/\/ecosupplements.ch\/wp-content\/uploads\/2026\/05\/SWANSON-Pantesin-Panthetine-300mg-60-kaps.jpg","contentUrl":"https:\/\/ecosupplements.ch\/wp-content\/uploads\/2026\/05\/SWANSON-Pantesin-Panthetine-300mg-60-kaps.jpg","width":650,"height":650,"caption":"SWANSON Pantesin Panthetine 300mg 60 kaps"},{"@type":"BreadcrumbList","@id":"https:\/\/ecosupplements.ch\/?product=swanson-pantesin-panthetine-300mg-60-kaps#breadcrumb","itemListElement":[{"@type":"ListItem","position":1,"name":"Home","item":"https:\/\/ecosupplements.ch\/"},{"@type":"ListItem","position":2,"name":"Shop","item":"https:\/\/ecosupplements.ch\/?page_id=14"},{"@type":"ListItem","position":3,"name":"SWANSON Pantesin Panthetine 300mg 60 kaps"}]},{"@type":"WebSite","@id":"https:\/\/ecosupplements.ch\/#website","url":"https:\/\/ecosupplements.ch\/","name":"Eco Supplements","description":"","potentialAction":[{"@type":"SearchAction","target":{"@type":"EntryPoint","urlTemplate":"https:\/\/ecosupplements.ch\/?s={search_term_string}"},"query-input":{"@type":"PropertyValueSpecification","valueRequired":true,"valueName":"search_term_string"}}],"inLanguage":"de-CH"}]},"product_price_amount":"20.60","product_price_currency":"CHF","og_availability":"out of stock","product_availability":"out of stock","product_retailer_item_id":"087614021508","product_condition":"new"},"_links":{"self":[{"href":"https:\/\/ecosupplements.ch\/index.php?rest_route=\/wp\/v2\/product\/990","targetHints":{"allow":["GET"]}}],"collection":[{"href":"https:\/\/ecosupplements.ch\/index.php?rest_route=\/wp\/v2\/product"}],"about":[{"href":"https:\/\/ecosupplements.ch\/index.php?rest_route=\/wp\/v2\/types\/product"}],"replies":[{"embeddable":true,"href":"https:\/\/ecosupplements.ch\/index.php?rest_route=%2Fwp%2Fv2%2Fcomments&post=990"}],"wp:featuredmedia":[{"embeddable":true,"href":"https:\/\/ecosupplements.ch\/index.php?rest_route=\/wp\/v2\/media\/991"}],"wp:attachment":[{"href":"https:\/\/ecosupplements.ch\/index.php?rest_route=%2Fwp%2Fv2%2Fmedia&parent=990"}],"wp:term":[{"taxonomy":"product_brand","embeddable":true,"href":"https:\/\/ecosupplements.ch\/index.php?rest_route=%2Fwp%2Fv2%2Fproduct_brand&post=990"},{"taxonomy":"product_cat","embeddable":true,"href":"https:\/\/ecosupplements.ch\/index.php?rest_route=%2Fwp%2Fv2%2Fproduct_cat&post=990"},{"taxonomy":"product_tag","embeddable":true,"href":"https:\/\/ecosupplements.ch\/index.php?rest_route=%2Fwp%2Fv2%2Fproduct_tag&post=990"}],"curies":[{"name":"wp","href":"https:\/\/api.w.org\/{rel}","templated":true}]}}